{"id":795,"date":"2018-08-30T18:31:33","date_gmt":"2018-08-30T21:31:33","guid":{"rendered":"https:\/\/isfdcytlblanca-for.infd.edu.ar\/sitio\/descripcion\/"},"modified":"2021-03-12T15:29:17","modified_gmt":"2021-03-12T18:29:17","slug":"descripcion","status":"publish","type":"page","link":"https:\/\/isfdcytlblanca-for.infd.edu.ar\/sitio\/descripcion\/","title":{"rendered":"Descripcion"},"content":{"rendered":"<p><span style=\"color: #cc0000; font-family: arial,helvetica,sans-serif; font-size: small;\"><strong>FORMACION T\u00c9CNICA<\/strong><\/span><\/p>\n<p><span style=\"color: #cc6600; font-family: arial; font-size: medium;\"><span style=\"color: #000000; font-family: arial,helvetica,sans-serif; font-size: small;\"><strong>Coordinaci\u00f3n:<\/strong><\/span> <\/span><\/p>\n<ul>\n<li style=\"list-style-type: none;\">\n<ul>\n<li><span style=\"font-family: arial,helvetica,sans-serif;\"><span style=\"font-size: small;\"><span style=\"color: #000000;\"><u>Pedag\u00f3gica<\/u>: Prof. Federico Leger<br \/>\n<\/span><\/span><\/span><\/li>\n<li><span style=\"font-family: arial,helvetica,sans-serif;\"><span style=\"font-size: small;\"><span style=\"color: #000000;\"><u>T\u00e9cnica:<\/u> Jonathan Alejandro Acosta<br \/>\n<\/span><\/span><\/span><\/li>\n<\/ul>\n<\/li>\n<\/ul>\n<p>&nbsp;<\/p>\n<p><span style=\"color: #000000; font-family: arial,helvetica,sans-serif; font-size: small;\">La Formaci\u00f3n T\u00e9cnica ofrece actualmente la carrera <strong><em>Tecnicatura Superior en Administraci\u00f3n de Sistemas Y Redes<\/em><\/strong>.<\/span><\/p>\n<p><strong>Nivel:<\/strong> Superior<\/p>\n<p><strong>Modalidad:<\/strong> Presencial con intervalos de actividades virtuales<\/p>\n<p><strong>Duraci\u00f3n:<\/strong> Tres A\u00f1os.<\/p>\n<p><strong>T\u00edtulo que otorga:<\/strong> T\u00e9cnico Superior en Sistema Inform\u00e1tico y Redes<\/p>\n<p><strong>Carga Horaria &#8211; Horas C\u00e1tedra: <\/strong>2480<\/p>\n<p><strong>Carga Horaria \u2013 Horas Reloj: <\/strong>1653<\/p>\n<p>La carrera responde a una demanda de toda sociedad moderna dentro de la cual se halla la provincia de Formosa y contribuir\u00e1 a que un vasto sector de la econom\u00eda local y regional pueda integrar tecnolog\u00eda a sus actividades de comercializaci\u00f3n y\/o producci\u00f3n de bienes y servicios logrando a partir de la implementaci\u00f3n tecnol\u00f3gica manejar y mejorar sistemas inform\u00e1ticos y redes de informaci\u00f3n, crear nuevas estrategias de administraci\u00f3n de empresas para contribuir a la mejor utilizaci\u00f3n de la informaci\u00f3n y los recursos de la empresa u organizaci\u00f3n; en campos tanto de la industria, comercio o servicios, as\u00ed como tambi\u00e9n garantizar la seguridad de los datos.<\/p>\n<p>&nbsp;<\/p>\n<p><span style=\"font-family: verdana,geneva; font-size: small;\"><strong><img decoding=\"async\" src=\"https:\/\/isfdcytlblanca-for.infd.edu.ar\/sitio\/wp-content\/uploads\/2018\/08\/almanaque.bmp\" alt=\"Almanaque\" border=\"0\" \/>Calendario Acad\u00e9mico 2021<\/strong><\/span><\/p>\n<table style=\"border: #5090b0 1px solid;\" border=\"1\" width=\"60%\" cellspacing=\"0\" cellpadding=\"0\" align=\"center\">\n<tbody>\n<tr align=\"center\" valign=\"middle\">\n<td style=\"width: 45%; height: 20px; background-color: #ddeaf0; border: #5090b0 1px solid;\" align=\"center\" valign=\"middle\"><span style=\"font-size: small;\"><span style=\"font-family: verdana,geneva;\"><span style=\"color: #3e748e;\"><strong>Mesas de ex\u00e1menes Mayo<br \/>\n<\/strong><\/span><\/span><\/span><\/td>\n<\/tr>\n<tr align=\"center\" valign=\"middle\">\n<td style=\"width: 45%; height: 20px; border: #5090b0 1px solid;\" align=\"center\" valign=\"middle\"><span style=\"font-size: small;\"><span style=\"font-family: verdana,geneva;\">17 al 22 de mayo 2021<\/span> <\/span><\/td>\n<\/tr>\n<tr>\n<td style=\"width: 45%; height: 20px; background-color: #ddeaf0; border: #5090b0 1px solid;\" align=\"center\" valign=\"middle\"><span style=\"font-size: small;\"><span style=\"font-family: verdana,geneva;\"><span style=\"color: #3e748e;\"><strong>Primer cuatrimestre<\/strong><\/span><\/span><\/span><\/td>\n<\/tr>\n<tr>\n<td style=\"width: 45%; height: 20px; border: #5090b0 1px solid;\" align=\"center\" valign=\"middle\"><span style=\"font-family: verdana,geneva; font-size: small;\">\u00a022 de marzo al\u00a009 de julio 2021<br \/>\n<\/span><\/td>\n<\/tr>\n<tr>\n<td style=\"width: 45%; height: 20px; background-color: #ddeaf0; border: #5090b0 1px solid;\" align=\"center\" valign=\"middle\"><span style=\"font-size: small;\"><span style=\"font-family: verdana,geneva;\"><span style=\"color: #3e748e;\"><strong>Receso invernal<\/strong><\/span><\/span><\/span><\/td>\n<\/tr>\n<tr>\n<td style=\"width: 45%; height: 20px; border: #5090b0 1px solid;\" align=\"center\" valign=\"middle\"><span style=\"font-family: verdana,geneva; font-size: small;\">12 al 23 de julio de 2021<br \/>\n<\/span><\/td>\n<\/tr>\n<tr>\n<td style=\"width: 45%; height: 20px; background-color: #ddeaf0; border: #5090b0 1px solid;\" align=\"center\" valign=\"middle\"><span style=\"font-size: small;\"><span style=\"font-family: verdana,geneva;\"><span style=\"color: #3e748e;\"><strong>Mesas de ex\u00e1menes<\/strong><\/span><\/span><\/span><\/td>\n<\/tr>\n<tr>\n<td style=\"width: 45%; height: 20px; border: #5090b0 1px solid;\" align=\"center\" valign=\"middle\"><span style=\"font-family: verdana,geneva; font-size: small;\">\u00a0TURNO JULIO: 26 de julio al 07 de agosto \/ TURNO AGOSTO:09 al 21 de agosto 2021<br \/>\n<\/span><\/td>\n<\/tr>\n<tr>\n<td style=\"width: 45%; height: 20px; background-color: #ddeaf0; border: #5090b0 1px solid;\" align=\"center\" valign=\"middle\"><span style=\"font-size: small;\"><span style=\"font-family: verdana,geneva;\"><span style=\"color: #3e748e;\"><strong>Segundo cuatrimestre<\/strong><\/span><\/span><\/span><\/td>\n<\/tr>\n<tr>\n<td style=\"width: 45%; height: 20px; border: #5090b0 1px solid;\" align=\"center\" valign=\"middle\"><span style=\"font-family: verdana,geneva; font-size: small;\">\u00a023 de agosto al 30 de noviembre 2021<\/span><\/td>\n<\/tr>\n<tr>\n<td style=\"width: 45%; height: 20px; background-color: #ddeaf0; border: #5090b0 1px solid;\" align=\"center\" valign=\"middle\"><span style=\"font-size: small;\"><span style=\"font-family: verdana,geneva;\"><span style=\"color: #3e748e;\"><strong>Mesas de ex\u00e1menes Octubre \/ Diciembre<br \/>\n<\/strong><\/span><\/span><\/span><\/td>\n<\/tr>\n<tr>\n<td style=\"width: 45%; height: 20px; border: #5090b0 1px solid;\" align=\"center\" valign=\"middle\"><span style=\"font-family: verdana,geneva; font-size: small;\">TURNO OCTUBRE: 11 al 16 de Octubre 2021 \/ TURNO DICIEMBRE\u00a0 02 de diciembre al 31 de diciembre 2021<br \/>\n<\/span><\/td>\n<\/tr>\n<\/tbody>\n<\/table>\n<p>&nbsp;<\/p>\n","protected":false},"excerpt":{"rendered":"<p>FORMACION T\u00c9CNICA Coordinaci\u00f3n: Pedag\u00f3gica: Prof. Federico Leger T\u00e9cnica: Jonathan Alejandro Acosta &nbsp; La Formaci\u00f3n T\u00e9cnica ofrece actualmente la carrera Tecnicatura Superior en Administraci\u00f3n de Sistemas Y Redes. Nivel: Superior Modalidad: Presencial con intervalos de actividades virtuales Duraci\u00f3n: Tres A\u00f1os. T\u00edtulo que otorga: T\u00e9cnico Superior en Sistema Inform\u00e1tico y Redes Carga Horaria &#8211; Horas C\u00e1tedra: 2480 &#8230; <a title=\"Descripcion\" class=\"read-more\" href=\"https:\/\/isfdcytlblanca-for.infd.edu.ar\/sitio\/descripcion\/\" aria-label=\"More on Descripcion\">[+]<\/a><\/p>\n","protected":false},"author":43,"featured_media":0,"parent":0,"menu_order":0,"comment_status":"closed","ping_status":"closed","template":"","meta":[],"acf":[],"_links":{"self":[{"href":"https:\/\/isfdcytlblanca-for.infd.edu.ar\/sitio\/wp-json\/wp\/v2\/pages\/795"}],"collection":[{"href":"https:\/\/isfdcytlblanca-for.infd.edu.ar\/sitio\/wp-json\/wp\/v2\/pages"}],"about":[{"href":"https:\/\/isfdcytlblanca-for.infd.edu.ar\/sitio\/wp-json\/wp\/v2\/types\/page"}],"author":[{"embeddable":true,"href":"https:\/\/isfdcytlblanca-for.infd.edu.ar\/sitio\/wp-json\/wp\/v2\/users\/43"}],"replies":[{"embeddable":true,"href":"https:\/\/isfdcytlblanca-for.infd.edu.ar\/sitio\/wp-json\/wp\/v2\/comments?post=795"}],"version-history":[{"count":3,"href":"https:\/\/isfdcytlblanca-for.infd.edu.ar\/sitio\/wp-json\/wp\/v2\/pages\/795\/revisions"}],"predecessor-version":[{"id":882,"href":"https:\/\/isfdcytlblanca-for.infd.edu.ar\/sitio\/wp-json\/wp\/v2\/pages\/795\/revisions\/882"}],"wp:attachment":[{"href":"https:\/\/isfdcytlblanca-for.infd.edu.ar\/sitio\/wp-json\/wp\/v2\/media?parent=795"}],"curies":[{"name":"wp","href":"https:\/\/api.w.org\/{rel}","templated":true}]}}