{"id":785,"date":"2018-08-30T18:31:30","date_gmt":"2018-08-30T21:31:30","guid":{"rendered":"https:\/\/isfdcytlblanca-for.infd.edu.ar\/sitio\/docentes\/"},"modified":"2021-03-12T15:41:15","modified_gmt":"2021-03-12T18:41:15","slug":"docentes","status":"publish","type":"page","link":"https:\/\/isfdcytlblanca-for.infd.edu.ar\/sitio\/docentes\/","title":{"rendered":"Docentes"},"content":{"rendered":"<h2>FORMACI\u00d3N DOCENTE<\/h2>\n<h1><strong><span style=\"color: #000000; font-family: arial,helvetica,sans-serif; font-size: small;\">Incluye a los Preceptores&#8230;<br \/>\n<\/span><\/strong><\/h1>\n<p>&nbsp;<\/p>\n<table border=\"1\" width=\"403\" cellspacing=\"0\" cellpadding=\"0\">\n<tbody>\n<tr>\n<td style=\"width: 31px;\" valign=\"top\">\n<p align=\"center\"><span style=\"color: #000000; font-family: arial,helvetica,sans-serif; font-size: small;\">01<br \/>\n<\/span><\/p>\n<\/td>\n<td style=\"width: 180px;\" valign=\"top\">Alcaraz, Andrea Anal\u00eda<span style=\"color: #000000; font-family: arial,helvetica,sans-serif; font-size: small;\"><br \/>\n<\/span><\/td>\n<td style=\"width: 192px;\" valign=\"top\">19. Gonz\u00e1lez, Jos\u00e9 Domingo<\/td>\n<\/tr>\n<tr>\n<td style=\"width: 31px;\" valign=\"top\">\n<p align=\"center\"><span style=\"color: #000000; font-family: arial,helvetica,sans-serif; font-size: small;\">02<br \/>\n<\/span><\/p>\n<\/td>\n<td style=\"width: 180px;\" valign=\"top\">Arce, Nancy Isabel<\/td>\n<td style=\"width: 192px;\" valign=\"top\"><span style=\"color: #000000; font-family: arial,helvetica,sans-serif; font-size: small;\"><span style=\"color: #000000; font-family: arial,helvetica,sans-serif; font-size: small;\">\u00a0<\/span><\/span>20. Leger, Diana Noem\u00ed<\/td>\n<\/tr>\n<tr>\n<td style=\"width: 31px;\" valign=\"top\">\n<p align=\"center\"><span style=\"color: #000000; font-family: arial,helvetica,sans-serif; font-size: small;\">03<br \/>\n<\/span><\/p>\n<\/td>\n<td style=\"width: 180px;\" valign=\"top\">Asseph, Natalia Noem\u00ed<\/td>\n<td style=\"width: 192px;\" valign=\"top\"><span style=\"color: #000000; font-family: arial,helvetica,sans-serif; font-size: small;\"><span style=\"color: #000000; font-family: arial,helvetica,sans-serif; font-size: small;\">\u00a0<\/span><\/span>21. Leger, Federico Ram\u00f3n<\/td>\n<\/tr>\n<tr>\n<td style=\"width: 31px;\" valign=\"top\">\n<p align=\"center\"><span style=\"color: #000000; font-family: arial,helvetica,sans-serif; font-size: small;\">04<br \/>\n<\/span><\/p>\n<\/td>\n<td style=\"width: 180px;\" valign=\"top\">Ben\u00edtez, Mar\u00eda Bel\u00e9n<\/td>\n<td style=\"width: 192px;\" valign=\"top\"><span style=\"color: #000000; font-family: arial,helvetica,sans-serif; font-size: small;\"><span style=\"color: #000000; font-family: arial,helvetica,sans-serif; font-size: small;\">\u00a0<\/span><\/span>22. Lobatto, Jorge Alberto<\/td>\n<\/tr>\n<tr>\n<td style=\"width: 31px;\" valign=\"top\">\n<p align=\"center\"><span style=\"color: #000000; font-family: arial,helvetica,sans-serif; font-size: small;\">05<br \/>\n<\/span><\/p>\n<\/td>\n<td style=\"width: 180px;\" valign=\"top\">Ben\u00edtez, Olga Yolanda<\/td>\n<td style=\"width: 192px;\" valign=\"top\">23. Maldonado, Ada Silvina<\/p>\n<p><span style=\"color: #000000; font-family: arial,helvetica,sans-serif; font-size: small;\">\u00a0<\/span><\/td>\n<\/tr>\n<tr>\n<td style=\"width: 31px;\" valign=\"top\">\n<p align=\"center\"><span style=\"color: #000000; font-family: arial,helvetica,sans-serif; font-size: small;\">06<br \/>\n<\/span><\/p>\n<\/td>\n<td style=\"width: 180px;\" valign=\"top\">Bogado, Walter Javier<\/td>\n<td style=\"width: 192px;\" valign=\"top\">24. Mart\u00ednez, Matias Sebastian<\/td>\n<\/tr>\n<tr>\n<td style=\"width: 31px;\" valign=\"top\">\n<p align=\"center\"><span style=\"color: #000000; font-family: arial,helvetica,sans-serif; font-size: small;\">07<br \/>\n<\/span><\/p>\n<\/td>\n<td style=\"width: 180px;\" valign=\"top\">Buscarolo, Mar\u00eda Laura<\/td>\n<td style=\"width: 192px;\" valign=\"top\">25. M\u00e9lida, Mar\u00eda Ang\u00e9lica<\/td>\n<\/tr>\n<tr>\n<td style=\"width: 31px;\" valign=\"top\">\n<p align=\"center\"><span style=\"color: #000000; font-family: arial,helvetica,sans-serif; font-size: small;\">08<br \/>\n<\/span><\/p>\n<\/td>\n<td style=\"width: 180px;\" valign=\"top\">Caballero, Alicia Beatriz<\/td>\n<td style=\"width: 192px;\" valign=\"top\">26. Paredes, Cynthia Lorena<\/td>\n<\/tr>\n<tr>\n<td style=\"width: 31px;\" valign=\"top\">\n<p align=\"center\"><span style=\"color: #000000; font-family: arial,helvetica,sans-serif; font-size: small;\">09<br \/>\n<\/span><\/p>\n<\/td>\n<td style=\"width: 180px;\" valign=\"top\">C\u00e1ceres, Diana Mabel<\/td>\n<td style=\"width: 192px;\" valign=\"top\">27. Paredes, Marisa Bel\u00e9n<\/td>\n<\/tr>\n<tr>\n<td style=\"width: 31px;\" valign=\"top\">\n<p align=\"center\"><span style=\"color: #000000; font-family: arial,helvetica,sans-serif; font-size: small;\">10<br \/>\n<\/span><\/p>\n<\/td>\n<td style=\"width: 180px;\" valign=\"top\">Centurion, Sara Anal\u00eda<\/td>\n<td style=\"width: 192px;\" valign=\"top\">28. Pedrozo, Abel Dar\u00edo<\/td>\n<\/tr>\n<tr>\n<td style=\"width: 31px;\" valign=\"top\">\n<p align=\"center\"><span style=\"color: #000000; font-family: arial,helvetica,sans-serif; font-size: small;\">11<br \/>\n<\/span><\/p>\n<\/td>\n<td style=\"width: 180px;\" valign=\"top\">Diarte, Carlos Ram\u00f3n<\/td>\n<td style=\"width: 192px;\" valign=\"top\">29. Pelozo, Cintia Lorena<\/td>\n<\/tr>\n<tr>\n<td style=\"width: 31px;\" valign=\"top\">\n<p align=\"center\"><span style=\"color: #000000; font-family: arial,helvetica,sans-serif; font-size: small;\">12<br \/>\n<\/span><\/p>\n<\/td>\n<td style=\"width: 180px;\" valign=\"top\">Dieringer Lacava, Mar\u00eda Esperanza<\/td>\n<td style=\"width: 192px;\" valign=\"top\">30. Qui\u00f1onez, Norma Silvia<\/td>\n<\/tr>\n<tr>\n<td style=\"width: 31px;\" valign=\"top\">\n<p align=\"center\"><span style=\"color: #000000; font-family: arial,helvetica,sans-serif; font-size: small;\">13<br \/>\n<\/span><\/p>\n<\/td>\n<td style=\"width: 180px;\" valign=\"top\">Espinoza, Edgar German<\/td>\n<td style=\"width: 192px;\" valign=\"top\">31. Rodas, Estela Alejandra<\/td>\n<\/tr>\n<tr>\n<td style=\"width: 31px;\" valign=\"top\">\n<p align=\"center\"><span style=\"color: #000000; font-family: arial,helvetica,sans-serif; font-size: small;\">14<br \/>\n<\/span><\/p>\n<\/td>\n<td style=\"width: 180px;\" valign=\"top\">Fern\u00e1ndez, Andrea Carolina<\/td>\n<td style=\"width: 192px;\" valign=\"top\">32. Silvera, Victor Nery<\/td>\n<\/tr>\n<tr>\n<td style=\"width: 31px;\" valign=\"top\">\n<p align=\"center\"><span style=\"color: #000000; font-family: arial,helvetica,sans-serif; font-size: small;\">15<br \/>\n<\/span><\/p>\n<\/td>\n<td style=\"width: 180px;\" valign=\"top\">Galeano, Sonia Elizabeth<\/td>\n<td style=\"width: 192px;\" valign=\"top\">33. Torres, Benjam\u00edn Claudio<\/td>\n<\/tr>\n<tr>\n<td style=\"width: 31px;\" valign=\"top\">\n<p align=\"center\"><span style=\"color: #000000; font-family: arial,helvetica,sans-serif; font-size: small;\">16<br \/>\n<\/span><\/p>\n<\/td>\n<td style=\"width: 180px;\" valign=\"top\">Gim\u00e9nez, Ivan Rodrigo<\/td>\n<td style=\"width: 192px;\" valign=\"top\">34. Vega, Patricia Clementina<\/td>\n<\/tr>\n<tr>\n<td style=\"width: 31px;\" valign=\"top\">\n<p align=\"center\"><span style=\"color: #000000; font-family: arial,helvetica,sans-serif; font-size: small;\">17<br \/>\n<\/span><\/p>\n<\/td>\n<td style=\"width: 180px;\" valign=\"top\">Godoy, Jorge Daniel<\/td>\n<td style=\"width: 192px;\" valign=\"top\">35. Vitale, Laura Viviana<\/td>\n<\/tr>\n<tr>\n<td style=\"width: 31px;\" valign=\"top\">\n<p align=\"center\"><span style=\"color: #000000; font-family: arial,helvetica,sans-serif; font-size: small;\">18<br \/>\n<\/span><\/p>\n<\/td>\n<td style=\"width: 180px;\" valign=\"top\">G\u00f3mez, Cristian Alberto<\/td>\n<td style=\"width: 192px;\" valign=\"top\">36. Villanueva, Ana Laura<\/td>\n<\/tr>\n<\/tbody>\n<\/table>\n<p>&nbsp;<\/p>\n<p><span style=\"color: #000000; font-family: arial,helvetica,sans-serif;\">FORMACION T\u00c9CNICA<\/span><\/p>\n<table border=\"1\" width=\"403\" cellspacing=\"0\" cellpadding=\"0\">\n<tbody>\n<tr>\n<td style=\"width: 31px;\" valign=\"top\">\n<p align=\"center\"><span style=\"color: #000000; font-family: arial,helvetica,sans-serif; font-size: small;\">01<br \/>\n<\/span><\/p>\n<\/td>\n<td style=\"width: 180px;\" valign=\"top\">Acosta, Jonathan Alejandro<\/td>\n<td style=\"width: 192px;\" valign=\"top\"><span style=\"color: #000000; font-family: arial,helvetica,sans-serif; font-size: small;\">\u00a0<\/span><\/td>\n<\/tr>\n<tr>\n<td style=\"width: 31px;\" valign=\"top\">\n<p align=\"center\"><span style=\"color: #000000; font-family: arial,helvetica,sans-serif; font-size: small;\">02<br \/>\n<\/span><\/p>\n<\/td>\n<td style=\"width: 180px;\" valign=\"top\">Ag\u00fcero, Pedro Rub\u00e9n<\/td>\n<td style=\"width: 192px;\" valign=\"top\"><\/td>\n<\/tr>\n<tr>\n<td style=\"width: 31px;\" valign=\"top\">\n<p align=\"center\"><span style=\"color: #000000; font-family: arial,helvetica,sans-serif; font-size: small;\">03<br \/>\n<\/span><\/p>\n<\/td>\n<td style=\"width: 180px;\" valign=\"top\"><span style=\"color: #000000; font-family: arial,helvetica,sans-serif; font-size: small;\"><span style=\"color: #000000; font-family: arial,helvetica,sans-serif; font-size: small;\">\u00a0<\/span><\/span>Ben\u00edtez, Olga Yolanda<\/td>\n<td style=\"width: 192px;\" valign=\"top\"><span style=\"color: #000000; font-family: arial,helvetica,sans-serif; font-size: small;\">\u00a0<\/span><\/td>\n<\/tr>\n<tr>\n<td style=\"width: 31px;\" valign=\"top\">\n<p align=\"center\"><span style=\"color: #000000; font-family: arial,helvetica,sans-serif; font-size: small;\">04<br \/>\n<\/span><\/p>\n<\/td>\n<td style=\"width: 180px;\" valign=\"top\">Godoy, Jorge Daniel<\/td>\n<td style=\"width: 192px;\" valign=\"top\"><span style=\"color: #000000; font-family: arial,helvetica,sans-serif; font-size: small;\">\u00a0<\/span><\/td>\n<\/tr>\n<tr>\n<td style=\"width: 31px;\" valign=\"top\">\n<p align=\"center\"><span style=\"color: #000000; font-family: arial,helvetica,sans-serif; font-size: small;\">05<br \/>\n<\/span><\/p>\n<\/td>\n<td style=\"width: 180px;\" valign=\"top\">Maciel, F\u00e1tima<\/td>\n<td style=\"width: 192px;\" valign=\"top\"><span style=\"color: #000000; font-family: arial,helvetica,sans-serif; font-size: small;\">\u00a0<\/span><\/td>\n<\/tr>\n<tr>\n<td style=\"width: 31px;\" valign=\"top\">\n<p align=\"center\"><span style=\"color: #000000; font-family: arial,helvetica,sans-serif; font-size: small;\">06<br \/>\n<\/span><\/p>\n<\/td>\n<td style=\"width: 180px;\" valign=\"top\">Paredes, Marisa Bel\u00e9n<\/td>\n<td style=\"width: 192px;\" valign=\"top\"><span style=\"color: #000000; font-family: arial,helvetica,sans-serif; font-size: small;\">\u00a0<\/span><\/td>\n<\/tr>\n<tr>\n<td style=\"width: 31px;\" valign=\"top\">\n<p align=\"center\"><span style=\"color: #000000; font-family: arial,helvetica,sans-serif; font-size: small;\">07<br \/>\n<\/span><\/p>\n<\/td>\n<td style=\"width: 180px;\" valign=\"top\">Quiroga, Antonella<\/td>\n<td style=\"width: 192px;\" valign=\"top\"><\/td>\n<\/tr>\n<tr>\n<td style=\"width: 31px;\" valign=\"top\">\n<p align=\"center\"><span style=\"color: #000000; font-family: arial,helvetica,sans-serif; font-size: small;\">08<br \/>\n<\/span><\/p>\n<\/td>\n<td style=\"width: 180px;\" valign=\"top\">Salinas, Ester Natalia<\/td>\n<td style=\"width: 192px;\" valign=\"top\"><\/td>\n<\/tr>\n<tr>\n<td style=\"width: 31px;\" valign=\"top\">\n<p align=\"center\"><span style=\"color: #000000; font-family: arial,helvetica,sans-serif; font-size: small;\">09<br \/>\n<\/span><\/p>\n<\/td>\n<td style=\"width: 180px;\" valign=\"top\">Silvera, Victor Nery<\/td>\n<td style=\"width: 192px;\" valign=\"top\"><\/td>\n<\/tr>\n<tr>\n<td style=\"width: 31px;\" valign=\"top\">\n<p align=\"center\"><span style=\"color: #000000; font-family: arial,helvetica,sans-serif; font-size: small;\">10<br \/>\n<\/span><\/p>\n<\/td>\n<td style=\"width: 180px;\" valign=\"top\">Sosa, Mar\u00eda Sylvina Edith<\/td>\n<td style=\"width: 192px;\" valign=\"top\"><\/td>\n<\/tr>\n<tr>\n<td style=\"width: 31px;\" valign=\"top\">\n<p align=\"center\"><span style=\"color: #000000; font-family: arial,helvetica,sans-serif; font-size: small;\">11<br \/>\n<\/span><\/p>\n<\/td>\n<td style=\"width: 180px;\" valign=\"top\">Torres, Jos\u00e9 Gabriel<\/td>\n<td style=\"width: 192px;\" valign=\"top\"><\/td>\n<\/tr>\n<tr>\n<td style=\"width: 31px;\" valign=\"top\">\n<p align=\"center\"><span style=\"color: #000000; font-family: arial,helvetica,sans-serif; font-size: small;\">12<br \/>\n<\/span><\/p>\n<\/td>\n<td style=\"width: 180px;\" valign=\"top\"><\/td>\n<td style=\"width: 192px;\" valign=\"top\"><\/td>\n<\/tr>\n<tr>\n<td style=\"width: 31px;\" valign=\"top\">\n<p align=\"center\"><span style=\"color: #000000; font-family: arial,helvetica,sans-serif; font-size: small;\">13<br \/>\n<\/span><\/p>\n<\/td>\n<td style=\"width: 180px;\" valign=\"top\"><\/td>\n<td style=\"width: 192px;\" valign=\"top\"><\/td>\n<\/tr>\n<tr>\n<td style=\"width: 31px;\" valign=\"top\">\n<p align=\"center\"><span style=\"color: #000000; font-family: arial,helvetica,sans-serif; font-size: small;\">14<br \/>\n<\/span><\/p>\n<\/td>\n<td style=\"width: 180px;\" valign=\"top\"><span style=\"color: #000000; font-family: arial,helvetica,sans-serif; font-size: small;\">\u00a0<\/span><\/td>\n<td style=\"width: 192px;\" valign=\"top\"><span style=\"color: #000000; font-family: arial,helvetica,sans-serif; font-size: small;\">\u00a0<\/span><\/td>\n<\/tr>\n<\/tbody>\n<\/table>\n<p>&nbsp;<\/p>\n","protected":false},"excerpt":{"rendered":"<p>FORMACI\u00d3N DOCENTE Incluye a los Preceptores&#8230; &nbsp; 01 Alcaraz, Andrea Anal\u00eda 19. Gonz\u00e1lez, Jos\u00e9 Domingo 02 Arce, Nancy Isabel \u00a020. Leger, Diana Noem\u00ed 03 Asseph, Natalia Noem\u00ed \u00a021. Leger, Federico Ram\u00f3n 04 Ben\u00edtez, Mar\u00eda Bel\u00e9n \u00a022. Lobatto, Jorge Alberto 05 Ben\u00edtez, Olga Yolanda 23. Maldonado, Ada Silvina \u00a0 06 Bogado, Walter Javier 24. Mart\u00ednez, Matias &#8230; <a title=\"Docentes\" class=\"read-more\" href=\"https:\/\/isfdcytlblanca-for.infd.edu.ar\/sitio\/docentes\/\" aria-label=\"More on Docentes\">[+]<\/a><\/p>\n","protected":false},"author":43,"featured_media":0,"parent":0,"menu_order":0,"comment_status":"closed","ping_status":"closed","template":"","meta":[],"acf":[],"_links":{"self":[{"href":"https:\/\/isfdcytlblanca-for.infd.edu.ar\/sitio\/wp-json\/wp\/v2\/pages\/785"}],"collection":[{"href":"https:\/\/isfdcytlblanca-for.infd.edu.ar\/sitio\/wp-json\/wp\/v2\/pages"}],"about":[{"href":"https:\/\/isfdcytlblanca-for.infd.edu.ar\/sitio\/wp-json\/wp\/v2\/types\/page"}],"author":[{"embeddable":true,"href":"https:\/\/isfdcytlblanca-for.infd.edu.ar\/sitio\/wp-json\/wp\/v2\/users\/43"}],"replies":[{"embeddable":true,"href":"https:\/\/isfdcytlblanca-for.infd.edu.ar\/sitio\/wp-json\/wp\/v2\/comments?post=785"}],"version-history":[{"count":6,"href":"https:\/\/isfdcytlblanca-for.infd.edu.ar\/sitio\/wp-json\/wp\/v2\/pages\/785\/revisions"}],"predecessor-version":[{"id":886,"href":"https:\/\/isfdcytlblanca-for.infd.edu.ar\/sitio\/wp-json\/wp\/v2\/pages\/785\/revisions\/886"}],"wp:attachment":[{"href":"https:\/\/isfdcytlblanca-for.infd.edu.ar\/sitio\/wp-json\/wp\/v2\/media?parent=785"}],"curies":[{"name":"wp","href":"https:\/\/api.w.org\/{rel}","templated":true}]}}